{"id":217,"date":"2026-01-29T17:04:40","date_gmt":"2026-01-29T17:04:40","guid":{"rendered":"https:\/\/donatellaconsulting.fr\/?page_id=217"},"modified":"2026-01-29T17:04:40","modified_gmt":"2026-01-29T17:04:40","slug":"declaration-daccessibilite","status":"publish","type":"page","link":"https:\/\/donatellaconsulting.fr\/index.php\/declaration-daccessibilite\/","title":{"rendered":"D\u00e9claration d&rsquo;accessibilit\u00e9"},"content":{"rendered":"<p>[et_pb_section fb_built=\u00a0\u00bb1&Prime; _builder_version=\u00a0\u00bb4.14.5&Prime; _module_preset=\u00a0\u00bbdefault\u00a0\u00bb global_colors_info=\u00a0\u00bb{}\u00a0\u00bb theme_builder_area=\u00a0\u00bbpost_content\u00a0\u00bb][et_pb_row _builder_version=\u00a0\u00bb4.14.5&Prime; _module_preset=\u00a0\u00bbdefault\u00a0\u00bb global_colors_info=\u00a0\u00bb{}\u00a0\u00bb theme_builder_area=\u00a0\u00bbpost_content\u00a0\u00bb][et_pb_column type=\u00a0\u00bb4_4&Prime; _builder_version=\u00a0\u00bb4.14.5&Prime; _module_preset=\u00a0\u00bbdefault\u00a0\u00bb global_colors_info=\u00a0\u00bb{}\u00a0\u00bb theme_builder_area=\u00a0\u00bbpost_content\u00a0\u00bb][et_pb_text _builder_version=\u00a0\u00bb4.14.5&Prime; _module_preset=\u00a0\u00bbdefault\u00a0\u00bb text_text_color=\u00a0\u00bb#100025&Prime; header_text_color=\u00a0\u00bb#100025&Prime; header_2_text_color=\u00a0\u00bb#100025&Prime; header_3_text_color=\u00a0\u00bb#100025&Prime; hover_enabled=\u00a0\u00bb0&Prime; global_colors_info=\u00a0\u00bb{}\u00a0\u00bb theme_builder_area=\u00a0\u00bbpost_content\u00a0\u00bb sticky_enabled=\u00a0\u00bb0&Prime;]<\/p>\n<div class=\"et_pb_module et_pb_text et_pb_text_0  et_pb_text_align_left et_pb_bg_layout_light\">\n<div class=\"et_pb_text_inner\">\n<div id=\"statement_header\">\n<h1>D\u00e9claration d\u2019accessibilit\u00e9<\/h1>\n<p>\u00c9tablie le<span>\u00a0<\/span><span data-print=\"accstmt_date\" data-printdefault=\"DATE\">01 f\u00e9vrier 2026<\/span>.<\/p>\n<p><span data-print=\"accstmt_org\" data-printdefault=\"Notre organisation\">Notre organisation<\/span><span>\u00a0<\/span>s\u2019engage \u00e0 rendre son service accessible, conform\u00e9ment \u00e0 l\u2019article 47 de la loi n\u00b0 2005-102 du 11 f\u00e9vrier 2005.<\/p>\n<p>Cette d\u00e9claration d\u2019accessibilit\u00e9 s\u2019applique \u00e0<span>\u00a0<\/span><strong data-print=\"accstmt_namesite\" data-printdefault=\"ce service\">Donatella Consulting<\/strong><span data-if=\"accstmt_urlsite\">\u00a0(donatellaconsulting.fr)<\/span>.<\/p>\n<p>&nbsp;<\/p>\n<\/div>\n<div id=\"statement-conformance\" data-if=\"accstmnt_conformance\">\n<h2>\u00c9tat de conformit\u00e9<\/h2>\n<p><strong data-print=\"accstmt_namesite\" data-printdefault=\"Notre site\">Donatella Consulting<\/strong><span>\u00a0<\/span>est<span>\u00a0<\/span><strong><span data-print=\"accstmnt_conformance\" data-printfilter=\"lowercase\">non conforme<\/span><\/strong><span>\u00a0<\/span>avec le<span>\u00a0<\/span><abbr title=\"R\u00e9f\u00e9rentiel g\u00e9n\u00e9ral d\u2019am\u00e9lioration de l\u2019accessibilit\u00e9\">RGAA<\/abbr>.<span>\u00a0<\/span><span data-print=\"accstmnt_conformance_meaning\">Le site n\u2019a encore pas \u00e9t\u00e9 audit\u00e9.<br \/><\/span><\/p>\n<p><span data-print=\"accstmnt_conformance_meaning\"><\/span><\/p>\n<\/div>\n<div data-if=\"accstmnt_contact_phone, accstmnt_contact_email, accstmnt_contact_form, accstmnt_contact_visit, accstmnt_contact_other\">\n<h2>Am\u00e9lioration et contact<\/h2>\n<p>Si vous n\u2019arrivez pas \u00e0 acc\u00e9der \u00e0 un contenu ou \u00e0 un service, vous pouvez contacter le responsable de<span>\u00a0<\/span><span data-print=\"accstmt_namesite\" data-printdefault=\"ce service\">Donatella Consulting<\/span><span>\u00a0<\/span>pour \u00eatre orient\u00e9 vers une alternative accessible ou obtenir le contenu sous une autre forme.<\/p>\n<ul class=\"basic-information feedback h-card\">\n<li data-if=\"accstmnt_contact_phone\">T\u00e9l\u00e9phone\u00a0:<span>\u00a0<\/span><span data-print=\"accstmnt_contact_phone\">06 89 54 46 96<\/span><\/li>\n<li data-if=\"accstmnt_contact_email\">E-mail\u00a0:<span>\u00a0<\/span><a href=\"mailto:contact@donatellaconsulting.fr\" data-print=\"accstmnt_contact_email\">contact@donatellaconsulting.fr<\/a><\/li>\n<li data-if=\"accstmnt_contact_form\">Formulaire de contact\u00a0:<span>\u00a0<\/span><a href=\"https:\/\/betagouv.github.io\/a11y-generateur-declaration\/donatellaconsulting.fr\/#contact\" data-print=\"accstmnt_contact_form\">Nous contacter<\/a><\/li>\n<li data-if=\"accstmnt_contact_visit\">Adresse\u00a0:<span>\u00a0<\/span><span data-print=\"accstmnt_contact_visit\">4 Rue des Buisses, 59800 Lille<\/span><span data-print=\"accstmnt_contact_visit\"><\/span><\/li>\n<\/ul>\n<\/div>\n<div>\n<h2><\/h2>\n<h2>Voie de recours<\/h2>\n<p>Cette proc\u00e9dure est \u00e0 utiliser dans le cas suivant\u00a0: vous avez signal\u00e9 au responsable du site internet un d\u00e9faut d\u2019accessibilit\u00e9 qui vous emp\u00eache d\u2019acc\u00e9der \u00e0 un contenu ou \u00e0 un des services du portail et vous n\u2019avez pas obtenu de r\u00e9ponse satisfaisante.<\/p>\n<p>Vous pouvez\u00a0:<\/p>\n<ul>\n<li>\u00c9crire un message au<span>\u00a0<\/span><a href=\"https:\/\/formulaire.defenseurdesdroits.fr\/\">D\u00e9fenseur des droits<\/a><\/li>\n<li>Contacter<span>\u00a0<\/span><a href=\"https:\/\/www.defenseurdesdroits.fr\/saisir\/delegues\">le d\u00e9l\u00e9gu\u00e9 du D\u00e9fenseur des droits dans votre r\u00e9gion<\/a><\/li>\n<li>Envoyer un courrier par la poste (gratuit, ne pas mettre de timbre)\u00a0:<br \/>D\u00e9fenseur des droits<br \/>Libre r\u00e9ponse 71120 75342 Paris CEDEX 07<\/li>\n<\/ul>\n<\/div>\n<hr \/>\n<p>Cette d\u00e9claration d\u2019accessibilit\u00e9 a \u00e9t\u00e9 cr\u00e9\u00e9 le<span>\u00a0<\/span><span data-print=\"accstmt_date\" data-printdefault=\"DATE\">01 f\u00e9vrier 2026<\/span><span>\u00a0<\/span>gr\u00e2ce au<span>\u00a0<\/span><a href=\"https:\/\/betagouv.github.io\/a11y-generateur-declaration\/#create\">G\u00e9n\u00e9rateur de D\u00e9claration d\u2019Accessibilit\u00e9<\/a>.<\/p>\n<\/div>\n<\/div>\n<div class=\"et_pb_module et_pb_text et_pb_text_17  et_pb_text_align_left et_pb_bg_layout_light\">\n<div class=\"et_pb_text_inner\"><\/div>\n<\/div>\n<p>[\/et_pb_text][\/et_pb_column][\/et_pb_row][\/et_pb_section]<\/p>\n","protected":false},"excerpt":{"rendered":"<p>D\u00e9claration d\u2019accessibilit\u00e9 \u00c9tablie le\u00a001 f\u00e9vrier 2026. Notre organisation\u00a0s\u2019engage \u00e0 rendre son service accessible, conform\u00e9ment \u00e0 l\u2019article 47 de la loi n\u00b0 2005-102 du 11 f\u00e9vrier 2005. Cette d\u00e9claration d\u2019accessibilit\u00e9 s\u2019applique \u00e0\u00a0Donatella Consulting\u00a0(donatellaconsulting.fr). &nbsp; \u00c9tat de conformit\u00e9 Donatella Consulting\u00a0est\u00a0non conforme\u00a0avec le\u00a0RGAA.\u00a0Le site n\u2019a encore pas \u00e9t\u00e9 audit\u00e9. Am\u00e9lioration et contact Si vous n\u2019arrivez pas \u00e0 acc\u00e9der [&hellip;]<\/p>\n","protected":false},"author":2,"featured_media":0,"parent":0,"menu_order":0,"comment_status":"closed","ping_status":"closed","template":"","meta":{"_et_pb_use_builder":"on","_et_pb_old_content":"","_et_gb_content_width":"","footnotes":""},"class_list":["post-217","page","type-page","status-publish","hentry"],"yoast_head":"<!-- This site is optimized with the Yoast SEO plugin v27.3 - https:\/\/yoast.com\/product\/yoast-seo-wordpress\/ -->\n<title>D\u00e9claration d&#039;accessibilit\u00e9 - Donatella Consulting<\/title>\n<meta name=\"robots\" content=\"index, follow, max-snippet:-1, max-image-preview:large, max-video-preview:-1\" \/>\n<link rel=\"canonical\" href=\"https:\/\/donatellaconsulting.fr\/index.php\/declaration-daccessibilite\/\" \/>\n<meta property=\"og:locale\" content=\"fr_FR\" \/>\n<meta property=\"og:type\" content=\"article\" \/>\n<meta property=\"og:title\" content=\"D\u00e9claration d&#039;accessibilit\u00e9 - Donatella Consulting\" \/>\n<meta property=\"og:description\" content=\"D\u00e9claration d\u2019accessibilit\u00e9 \u00c9tablie le\u00a001 f\u00e9vrier 2026. Notre organisation\u00a0s\u2019engage \u00e0 rendre son service accessible, conform\u00e9ment \u00e0 l\u2019article 47 de la loi n\u00b0 2005-102 du 11 f\u00e9vrier 2005. Cette d\u00e9claration d\u2019accessibilit\u00e9 s\u2019applique \u00e0\u00a0Donatella Consulting\u00a0(donatellaconsulting.fr). &nbsp; \u00c9tat de conformit\u00e9 Donatella Consulting\u00a0est\u00a0non conforme\u00a0avec le\u00a0RGAA.\u00a0Le site n\u2019a encore pas \u00e9t\u00e9 audit\u00e9. Am\u00e9lioration et contact Si vous n\u2019arrivez pas \u00e0 acc\u00e9der [&hellip;]\" \/>\n<meta property=\"og:url\" content=\"https:\/\/donatellaconsulting.fr\/index.php\/declaration-daccessibilite\/\" \/>\n<meta property=\"og:site_name\" content=\"Donatella Consulting\" \/>\n<meta name=\"twitter:card\" content=\"summary_large_image\" \/>\n<script type=\"application\/ld+json\" class=\"yoast-schema-graph\">{\"@context\":\"https:\\\/\\\/schema.org\",\"@graph\":[{\"@type\":\"WebPage\",\"@id\":\"https:\\\/\\\/donatellaconsulting.fr\\\/index.php\\\/declaration-daccessibilite\\\/\",\"url\":\"https:\\\/\\\/donatellaconsulting.fr\\\/index.php\\\/declaration-daccessibilite\\\/\",\"name\":\"D\u00e9claration d'accessibilit\u00e9 - Donatella Consulting\",\"isPartOf\":{\"@id\":\"https:\\\/\\\/donatellaconsulting.fr\\\/#website\"},\"datePublished\":\"2026-01-29T17:04:40+00:00\",\"breadcrumb\":{\"@id\":\"https:\\\/\\\/donatellaconsulting.fr\\\/index.php\\\/declaration-daccessibilite\\\/#breadcrumb\"},\"inLanguage\":\"fr-FR\",\"potentialAction\":[{\"@type\":\"ReadAction\",\"target\":[\"https:\\\/\\\/donatellaconsulting.fr\\\/index.php\\\/declaration-daccessibilite\\\/\"]}]},{\"@type\":\"BreadcrumbList\",\"@id\":\"https:\\\/\\\/donatellaconsulting.fr\\\/index.php\\\/declaration-daccessibilite\\\/#breadcrumb\",\"itemListElement\":[{\"@type\":\"ListItem\",\"position\":1,\"name\":\"Home\",\"item\":\"https:\\\/\\\/donatellaconsulting.fr\\\/\"},{\"@type\":\"ListItem\",\"position\":2,\"name\":\"D\u00e9claration d&rsquo;accessibilit\u00e9\"}]},{\"@type\":\"WebSite\",\"@id\":\"https:\\\/\\\/donatellaconsulting.fr\\\/#website\",\"url\":\"https:\\\/\\\/donatellaconsulting.fr\\\/\",\"name\":\"Donatella Consulting\",\"description\":\"Au c\u0153ur des \u00e9volutions professionnelles\",\"potentialAction\":[{\"@type\":\"SearchAction\",\"target\":{\"@type\":\"EntryPoint\",\"urlTemplate\":\"https:\\\/\\\/donatellaconsulting.fr\\\/?s={search_term_string}\"},\"query-input\":{\"@type\":\"PropertyValueSpecification\",\"valueRequired\":true,\"valueName\":\"search_term_string\"}}],\"inLanguage\":\"fr-FR\"}]}<\/script>\n<!-- \/ Yoast SEO plugin. -->","yoast_head_json":{"title":"D\u00e9claration d'accessibilit\u00e9 - Donatella Consulting","robots":{"index":"index","follow":"follow","max-snippet":"max-snippet:-1","max-image-preview":"max-image-preview:large","max-video-preview":"max-video-preview:-1"},"canonical":"https:\/\/donatellaconsulting.fr\/index.php\/declaration-daccessibilite\/","og_locale":"fr_FR","og_type":"article","og_title":"D\u00e9claration d'accessibilit\u00e9 - Donatella Consulting","og_description":"D\u00e9claration d\u2019accessibilit\u00e9 \u00c9tablie le\u00a001 f\u00e9vrier 2026. Notre organisation\u00a0s\u2019engage \u00e0 rendre son service accessible, conform\u00e9ment \u00e0 l\u2019article 47 de la loi n\u00b0 2005-102 du 11 f\u00e9vrier 2005. Cette d\u00e9claration d\u2019accessibilit\u00e9 s\u2019applique \u00e0\u00a0Donatella Consulting\u00a0(donatellaconsulting.fr). &nbsp; \u00c9tat de conformit\u00e9 Donatella Consulting\u00a0est\u00a0non conforme\u00a0avec le\u00a0RGAA.\u00a0Le site n\u2019a encore pas \u00e9t\u00e9 audit\u00e9. Am\u00e9lioration et contact Si vous n\u2019arrivez pas \u00e0 acc\u00e9der [&hellip;]","og_url":"https:\/\/donatellaconsulting.fr\/index.php\/declaration-daccessibilite\/","og_site_name":"Donatella Consulting","twitter_card":"summary_large_image","schema":{"@context":"https:\/\/schema.org","@graph":[{"@type":"WebPage","@id":"https:\/\/donatellaconsulting.fr\/index.php\/declaration-daccessibilite\/","url":"https:\/\/donatellaconsulting.fr\/index.php\/declaration-daccessibilite\/","name":"D\u00e9claration d'accessibilit\u00e9 - Donatella Consulting","isPartOf":{"@id":"https:\/\/donatellaconsulting.fr\/#website"},"datePublished":"2026-01-29T17:04:40+00:00","breadcrumb":{"@id":"https:\/\/donatellaconsulting.fr\/index.php\/declaration-daccessibilite\/#breadcrumb"},"inLanguage":"fr-FR","potentialAction":[{"@type":"ReadAction","target":["https:\/\/donatellaconsulting.fr\/index.php\/declaration-daccessibilite\/"]}]},{"@type":"BreadcrumbList","@id":"https:\/\/donatellaconsulting.fr\/index.php\/declaration-daccessibilite\/#breadcrumb","itemListElement":[{"@type":"ListItem","position":1,"name":"Home","item":"https:\/\/donatellaconsulting.fr\/"},{"@type":"ListItem","position":2,"name":"D\u00e9claration d&rsquo;accessibilit\u00e9"}]},{"@type":"WebSite","@id":"https:\/\/donatellaconsulting.fr\/#website","url":"https:\/\/donatellaconsulting.fr\/","name":"Donatella Consulting","description":"Au c\u0153ur des \u00e9volutions professionnelles","potentialAction":[{"@type":"SearchAction","target":{"@type":"EntryPoint","urlTemplate":"https:\/\/donatellaconsulting.fr\/?s={search_term_string}"},"query-input":{"@type":"PropertyValueSpecification","valueRequired":true,"valueName":"search_term_string"}}],"inLanguage":"fr-FR"}]}},"_links":{"self":[{"href":"https:\/\/donatellaconsulting.fr\/index.php\/wp-json\/wp\/v2\/pages\/217","targetHints":{"allow":["GET"]}}],"collection":[{"href":"https:\/\/donatellaconsulting.fr\/index.php\/wp-json\/wp\/v2\/pages"}],"about":[{"href":"https:\/\/donatellaconsulting.fr\/index.php\/wp-json\/wp\/v2\/types\/page"}],"author":[{"embeddable":true,"href":"https:\/\/donatellaconsulting.fr\/index.php\/wp-json\/wp\/v2\/users\/2"}],"replies":[{"embeddable":true,"href":"https:\/\/donatellaconsulting.fr\/index.php\/wp-json\/wp\/v2\/comments?post=217"}],"version-history":[{"count":2,"href":"https:\/\/donatellaconsulting.fr\/index.php\/wp-json\/wp\/v2\/pages\/217\/revisions"}],"predecessor-version":[{"id":219,"href":"https:\/\/donatellaconsulting.fr\/index.php\/wp-json\/wp\/v2\/pages\/217\/revisions\/219"}],"wp:attachment":[{"href":"https:\/\/donatellaconsulting.fr\/index.php\/wp-json\/wp\/v2\/media?parent=217"}],"curies":[{"name":"wp","href":"https:\/\/api.w.org\/{rel}","templated":true}]}}