{"id":211,"date":"2026-01-29T16:53:31","date_gmt":"2026-01-29T16:53:31","guid":{"rendered":"https:\/\/donatellaconsulting.fr\/?page_id=211"},"modified":"2026-02-09T12:30:25","modified_gmt":"2026-02-09T12:30:25","slug":"mentions-legales","status":"publish","type":"page","link":"https:\/\/donatellaconsulting.fr\/index.php\/mentions-legales\/","title":{"rendered":"Mentions l\u00e9gales"},"content":{"rendered":"<p>[et_pb_section fb_built=\u00a0\u00bb1&Prime; _builder_version=\u00a0\u00bb4.14.5&Prime; _module_preset=\u00a0\u00bbdefault\u00a0\u00bb global_colors_info=\u00a0\u00bb{}\u00a0\u00bb][et_pb_row _builder_version=\u00a0\u00bb4.14.5&Prime; _module_preset=\u00a0\u00bbdefault\u00a0\u00bb global_colors_info=\u00a0\u00bb{}\u00a0\u00bb][et_pb_column type=\u00a0\u00bb4_4&Prime; _builder_version=\u00a0\u00bb4.14.5&Prime; _module_preset=\u00a0\u00bbdefault\u00a0\u00bb global_colors_info=\u00a0\u00bb{}\u00a0\u00bb][et_pb_text _builder_version=\u00a0\u00bb4.14.5&Prime; _module_preset=\u00a0\u00bbdefault\u00a0\u00bb text_text_color=\u00a0\u00bb#100025&Prime; header_text_color=\u00a0\u00bb#100025&Prime; header_2_text_color=\u00a0\u00bb#100025&Prime; header_3_text_color=\u00a0\u00bb#100025&Prime; hover_enabled=\u00a0\u00bb0&Prime; global_colors_info=\u00a0\u00bb{}\u00a0\u00bb sticky_enabled=\u00a0\u00bb0&Prime;]<\/p>\n<div class=\"et_pb_module et_pb_text et_pb_text_0 et_pb_text_align_left et_pb_bg_layout_light\">\n<div class=\"et_pb_text_inner\">\n<h2 data-start=\"208\" data-end=\"227\">Mentions l\u00e9gales<\/h2>\n<p>&nbsp;<\/p>\n<h3 data-start=\"229\" data-end=\"248\">Directeur de la publciation<\/h3>\n<p data-start=\"250\" data-end=\"475\"><strong data-start=\"250\" data-end=\"278\">Nom de l\u2019\u00e9diteur :<\/strong> Donatella Carduana<br data-start=\"288\" data-end=\"291\" \/><strong data-start=\"291\" data-end=\"303\">Statut :<\/strong> B\u00e9n\u00e9ficiaire d&rsquo;un CAPE jusqu&rsquo;au 05\/10\/2026 maximum<br data-start=\"342\" data-end=\"345\" \/><strong data-start=\"345\" data-end=\"380\">Raison sociale :<\/strong> <em data-start=\"381\" data-end=\"415\">Espace des Entrepreneurs<\/em><br data-start=\"415\" data-end=\"418\" \/><strong data-start=\"418\" data-end=\"446\">Adresse de la couveuse :<\/strong> 4 Rue des Buisses, 59800 Lille<br \/><strong>Siret :<\/strong> 418 541 553 000 32<br \/><strong>TVA intracommunautaire :<\/strong> FR 23 418 541 553<br \/><strong>Code NAF :<\/strong> 8899B<\/p>\n<p data-start=\"477\" data-end=\"574\"><strong data-start=\"477\" data-end=\"490\">Contact :<\/strong><br data-start=\"490\" data-end=\"493\" \/>E-mail : <em data-start=\"502\" data-end=\"535\">contact@donatellaconsulting.fr<\/em><br data-start=\"535\" data-end=\"538\" \/>T\u00e9l\u00e9phone : <em data-start=\"550\" data-end=\"572\">06 89 54 46 96<\/em><\/p>\n<hr data-start=\"827\" data-end=\"830\" \/>\n<h3 data-start=\"832\" data-end=\"855\">R\u00e9alisation du site<\/h3>\n<p data-start=\"857\" data-end=\"1072\">Site r\u00e9alis\u00e9 par : <strong data-start=\"876\" data-end=\"920\">Thomas Prouvost \u2013 Les Lunettes Cr\u00e9atives<\/strong><br data-start=\"920\" data-end=\"923\" \/>Adresse : 3C Rue du Buisson Barbet, 59610 F\u00e9ron<br data-start=\"970\" data-end=\"973\" \/>T\u00e9l\u00e9phone : 07 82 92 26 44<br data-start=\"999\" data-end=\"1002\" \/>E-mail : <a data-start=\"1011\" data-end=\"1042\" class=\"decorated-link cursor-pointer\" rel=\"noopener\">contact@leslunettescreatives.fr<br \/><\/a>Site web : <a href=\"leslunettescreatives.fr\">leslunettescreatives.fr<\/a><br \/>SIRET : 911 504 036 00013<\/p>\n<hr data-start=\"778\" data-end=\"781\" \/>\n<h3 data-start=\"783\" data-end=\"814\">H\u00e9bergement<\/h3>\n<p data-start=\"816\" data-end=\"825\"><span>OVH SAS &#8211; 2 rue Kellermann &#8211; 59100 Roubaix &#8211; France<\/span><\/p>\n<hr data-start=\"1074\" data-end=\"1077\" \/>\n<h3 data-start=\"1079\" data-end=\"1107\">Propri\u00e9t\u00e9 intellectuelle<\/h3>\n<p data-start=\"1109\" data-end=\"1316\">L\u2019ensemble des contenus pr\u00e9sents sur ce site (textes, images, illustrations, logos, graphismes, vid\u00e9os, etc.) est prot\u00e9g\u00e9 par les lois en vigueur relatives \u00e0 la propri\u00e9t\u00e9 intellectuelle et au droit d\u2019auteur.<\/p>\n<p data-start=\"1318\" data-end=\"1464\">Toute reproduction, repr\u00e9sentation, modification ou diffusion, totale ou partielle, sans autorisation pr\u00e9alable \u00e9crite, est strictement interdite.<\/p>\n<hr data-start=\"1466\" data-end=\"1469\" \/>\n<h3 data-start=\"1471\" data-end=\"1510\">Protection des donn\u00e9es personnelles<\/h3>\n<p data-start=\"1512\" data-end=\"1745\">Conform\u00e9ment au R\u00e8glement G\u00e9n\u00e9ral sur la Protection des Donn\u00e9es (RGPD \u2013 UE 2016\/679) et \u00e0 la loi Informatique et Libert\u00e9s modifi\u00e9e, les informations personnelles collect\u00e9es sur ce site sont destin\u00e9es exclusivement \u00e0 un usage interne.<\/p>\n<p data-start=\"1747\" data-end=\"1953\">Les donn\u00e9es sont principalement collect\u00e9es via le formulaire de contact afin de r\u00e9pondre aux demandes des utilisateurs.<br data-start=\"1866\" data-end=\"1869\" \/>Elles sont conserv\u00e9es pour une dur\u00e9e maximale de <strong data-start=\"1918\" data-end=\"1927\">3 ans<\/strong> apr\u00e8s le dernier \u00e9change.<\/p>\n<p data-start=\"1955\" data-end=\"2025\">Aucune donn\u00e9e personnelle n\u2019est c\u00e9d\u00e9e, \u00e9chang\u00e9e ou vendue \u00e0 des tiers.<\/p>\n<hr data-start=\"2027\" data-end=\"2030\" \/>\n<h3 data-start=\"2032\" data-end=\"2059\">Droits des utilisateurs<\/h3>\n<p data-start=\"2061\" data-end=\"2141\">Conform\u00e9ment \u00e0 la r\u00e9glementation en vigueur, vous disposez des droits suivants :<\/p>\n<ul data-start=\"2143\" data-end=\"2314\">\n<li data-start=\"2143\" data-end=\"2160\">\n<p data-start=\"2145\" data-end=\"2160\">Droit d\u2019acc\u00e8s<\/p>\n<\/li>\n<li data-start=\"2161\" data-end=\"2187\">\n<p data-start=\"2163\" data-end=\"2187\">Droit de rectification<\/p>\n<\/li>\n<li data-start=\"2188\" data-end=\"2210\">\n<p data-start=\"2190\" data-end=\"2210\">Droit d\u2019opposition<\/p>\n<\/li>\n<li data-start=\"2211\" data-end=\"2235\">\n<p data-start=\"2213\" data-end=\"2235\">Droit \u00e0 l\u2019effacement<\/p>\n<\/li>\n<li data-start=\"2236\" data-end=\"2275\">\n<p data-start=\"2238\" data-end=\"2275\">Droit \u00e0 la limitation du traitement<\/p>\n<\/li>\n<li data-start=\"2276\" data-end=\"2314\">\n<p data-start=\"2278\" data-end=\"2314\">Droit \u00e0 la portabilit\u00e9 des donn\u00e9es<\/p>\n<\/li>\n<\/ul>\n<p data-start=\"2316\" data-end=\"2492\">Pour exercer ces droits, vous pouvez contacter :<br data-start=\"2364\" data-end=\"2367\" \/><em data-start=\"502\" data-end=\"535\">contact@donatellaconsulting.fr<\/em><br data-start=\"2390\" data-end=\"2393\" \/><em data-start=\"2396\" data-end=\"2444\">[adresse de la couveuse ou adresse de contact]<\/em><br data-start=\"2444\" data-end=\"2447\" \/>(merci de joindre un justificatif d\u2019identit\u00e9)<\/p>\n<hr data-start=\"2494\" data-end=\"2497\" \/>\n<h3 data-start=\"2499\" data-end=\"2510\">Cookies<\/h3>\n<p data-start=\"2512\" data-end=\"2711\">Le site peut \u00eatre amen\u00e9 \u00e0 utiliser des cookies afin d\u2019am\u00e9liorer l\u2019exp\u00e9rience utilisateur et mesurer l\u2019audience.<br data-start=\"2623\" data-end=\"2626\" \/>Vous pouvez configurer ou refuser les cookies via les param\u00e8tres de votre navigateur.<\/p>\n<hr data-start=\"2713\" data-end=\"2716\" \/>\n<h3 data-start=\"2718\" data-end=\"2736\">Responsabilit\u00e9<\/h3>\n<p data-start=\"2738\" data-end=\"2944\">L\u2019\u00e9diteur du site s\u2019efforce de fournir des informations aussi pr\u00e9cises que possible. Toutefois, il ne saurait \u00eatre tenu responsable des omissions, inexactitudes ou carences dans la mise \u00e0 jour des contenus.<\/p>\n<p data-start=\"2946\" data-end=\"3022\">L\u2019utilisation du site se fait sous la seule responsabilit\u00e9 de l\u2019utilisateur.<\/p>\n<hr data-start=\"3024\" data-end=\"3027\" \/>\n<h3 data-start=\"3029\" data-end=\"3040\">Contact<\/h3>\n<p data-start=\"3042\" data-end=\"3142\">Pour toute question relative aux mentions l\u00e9gales, vous pouvez contacter :<br data-start=\"3116\" data-end=\"3119\" \/><em data-start=\"502\" data-end=\"535\">contact@donatellaconsulting.fr<\/em><\/p>\n<hr data-start=\"3144\" data-end=\"3147\" \/>\n<p data-start=\"3149\" data-end=\"3186\"><strong data-start=\"3149\" data-end=\"3186\">Derni\u00e8re mise \u00e0 jour : 01\/02\/2026<\/strong><\/p>\n<\/div>\n<\/div>\n<div class=\"et_pb_module et_pb_text et_pb_text_17 et_pb_text_align_left et_pb_bg_layout_light\">\n<div class=\"et_pb_text_inner\"><\/div>\n<\/div>\n<p>[\/et_pb_text][\/et_pb_column][\/et_pb_row][\/et_pb_section]<\/p>\n","protected":false},"excerpt":{"rendered":"<p>Mentions l\u00e9gales &nbsp; Directeur de la publciation Nom de l\u2019\u00e9diteur : Donatella CarduanaStatut : B\u00e9n\u00e9ficiaire d&rsquo;un CAPE jusqu&rsquo;au 05\/10\/2026 maximumRaison sociale : Espace des EntrepreneursAdresse de la couveuse : 4 Rue des Buisses, 59800 LilleSiret : 418 541 553 000 32TVA intracommunautaire : FR 23 418 541 553Code NAF : 8899B Contact :E-mail : contact@donatellaconsulting.frT\u00e9l\u00e9phone [&hellip;]<\/p>\n","protected":false},"author":2,"featured_media":0,"parent":0,"menu_order":0,"comment_status":"closed","ping_status":"closed","template":"","meta":{"_et_pb_use_builder":"on","_et_pb_old_content":"","_et_gb_content_width":"","footnotes":""},"class_list":["post-211","page","type-page","status-publish","hentry"],"yoast_head":"<!-- This site is optimized with the Yoast SEO plugin v27.3 - https:\/\/yoast.com\/product\/yoast-seo-wordpress\/ -->\n<title>Mentions l\u00e9gales - Donatella Consulting<\/title>\n<meta name=\"robots\" content=\"index, follow, max-snippet:-1, max-image-preview:large, max-video-preview:-1\" \/>\n<link rel=\"canonical\" href=\"https:\/\/donatellaconsulting.fr\/index.php\/mentions-legales\/\" \/>\n<meta property=\"og:locale\" content=\"fr_FR\" \/>\n<meta property=\"og:type\" content=\"article\" \/>\n<meta property=\"og:title\" content=\"Mentions l\u00e9gales - Donatella Consulting\" \/>\n<meta property=\"og:description\" content=\"Mentions l\u00e9gales &nbsp; Directeur de la publciation Nom de l\u2019\u00e9diteur : Donatella CarduanaStatut : B\u00e9n\u00e9ficiaire d&#039;un CAPE jusqu&#039;au 05\/10\/2026 maximumRaison sociale : Espace des EntrepreneursAdresse de la couveuse : 4 Rue des Buisses, 59800 LilleSiret : 418 541 553 000 32TVA intracommunautaire : FR 23 418 541 553Code NAF : 8899B Contact :E-mail : contact@donatellaconsulting.frT\u00e9l\u00e9phone [&hellip;]\" \/>\n<meta property=\"og:url\" content=\"https:\/\/donatellaconsulting.fr\/index.php\/mentions-legales\/\" \/>\n<meta property=\"og:site_name\" content=\"Donatella Consulting\" \/>\n<meta property=\"article:modified_time\" content=\"2026-02-09T12:30:25+00:00\" \/>\n<meta name=\"twitter:card\" content=\"summary_large_image\" \/>\n<script type=\"application\/ld+json\" class=\"yoast-schema-graph\">{\"@context\":\"https:\\\/\\\/schema.org\",\"@graph\":[{\"@type\":\"WebPage\",\"@id\":\"https:\\\/\\\/donatellaconsulting.fr\\\/index.php\\\/mentions-legales\\\/\",\"url\":\"https:\\\/\\\/donatellaconsulting.fr\\\/index.php\\\/mentions-legales\\\/\",\"name\":\"Mentions l\u00e9gales - Donatella Consulting\",\"isPartOf\":{\"@id\":\"https:\\\/\\\/donatellaconsulting.fr\\\/#website\"},\"datePublished\":\"2026-01-29T16:53:31+00:00\",\"dateModified\":\"2026-02-09T12:30:25+00:00\",\"breadcrumb\":{\"@id\":\"https:\\\/\\\/donatellaconsulting.fr\\\/index.php\\\/mentions-legales\\\/#breadcrumb\"},\"inLanguage\":\"fr-FR\",\"potentialAction\":[{\"@type\":\"ReadAction\",\"target\":[\"https:\\\/\\\/donatellaconsulting.fr\\\/index.php\\\/mentions-legales\\\/\"]}]},{\"@type\":\"BreadcrumbList\",\"@id\":\"https:\\\/\\\/donatellaconsulting.fr\\\/index.php\\\/mentions-legales\\\/#breadcrumb\",\"itemListElement\":[{\"@type\":\"ListItem\",\"position\":1,\"name\":\"Home\",\"item\":\"https:\\\/\\\/donatellaconsulting.fr\\\/\"},{\"@type\":\"ListItem\",\"position\":2,\"name\":\"Mentions l\u00e9gales\"}]},{\"@type\":\"WebSite\",\"@id\":\"https:\\\/\\\/donatellaconsulting.fr\\\/#website\",\"url\":\"https:\\\/\\\/donatellaconsulting.fr\\\/\",\"name\":\"Donatella Consulting\",\"description\":\"Au c\u0153ur des \u00e9volutions professionnelles\",\"potentialAction\":[{\"@type\":\"SearchAction\",\"target\":{\"@type\":\"EntryPoint\",\"urlTemplate\":\"https:\\\/\\\/donatellaconsulting.fr\\\/?s={search_term_string}\"},\"query-input\":{\"@type\":\"PropertyValueSpecification\",\"valueRequired\":true,\"valueName\":\"search_term_string\"}}],\"inLanguage\":\"fr-FR\"}]}<\/script>\n<!-- \/ Yoast SEO plugin. -->","yoast_head_json":{"title":"Mentions l\u00e9gales - Donatella Consulting","robots":{"index":"index","follow":"follow","max-snippet":"max-snippet:-1","max-image-preview":"max-image-preview:large","max-video-preview":"max-video-preview:-1"},"canonical":"https:\/\/donatellaconsulting.fr\/index.php\/mentions-legales\/","og_locale":"fr_FR","og_type":"article","og_title":"Mentions l\u00e9gales - Donatella Consulting","og_description":"Mentions l\u00e9gales &nbsp; Directeur de la publciation Nom de l\u2019\u00e9diteur : Donatella CarduanaStatut : B\u00e9n\u00e9ficiaire d'un CAPE jusqu'au 05\/10\/2026 maximumRaison sociale : Espace des EntrepreneursAdresse de la couveuse : 4 Rue des Buisses, 59800 LilleSiret : 418 541 553 000 32TVA intracommunautaire : FR 23 418 541 553Code NAF : 8899B Contact :E-mail : contact@donatellaconsulting.frT\u00e9l\u00e9phone [&hellip;]","og_url":"https:\/\/donatellaconsulting.fr\/index.php\/mentions-legales\/","og_site_name":"Donatella Consulting","article_modified_time":"2026-02-09T12:30:25+00:00","twitter_card":"summary_large_image","schema":{"@context":"https:\/\/schema.org","@graph":[{"@type":"WebPage","@id":"https:\/\/donatellaconsulting.fr\/index.php\/mentions-legales\/","url":"https:\/\/donatellaconsulting.fr\/index.php\/mentions-legales\/","name":"Mentions l\u00e9gales - Donatella Consulting","isPartOf":{"@id":"https:\/\/donatellaconsulting.fr\/#website"},"datePublished":"2026-01-29T16:53:31+00:00","dateModified":"2026-02-09T12:30:25+00:00","breadcrumb":{"@id":"https:\/\/donatellaconsulting.fr\/index.php\/mentions-legales\/#breadcrumb"},"inLanguage":"fr-FR","potentialAction":[{"@type":"ReadAction","target":["https:\/\/donatellaconsulting.fr\/index.php\/mentions-legales\/"]}]},{"@type":"BreadcrumbList","@id":"https:\/\/donatellaconsulting.fr\/index.php\/mentions-legales\/#breadcrumb","itemListElement":[{"@type":"ListItem","position":1,"name":"Home","item":"https:\/\/donatellaconsulting.fr\/"},{"@type":"ListItem","position":2,"name":"Mentions l\u00e9gales"}]},{"@type":"WebSite","@id":"https:\/\/donatellaconsulting.fr\/#website","url":"https:\/\/donatellaconsulting.fr\/","name":"Donatella Consulting","description":"Au c\u0153ur des \u00e9volutions professionnelles","potentialAction":[{"@type":"SearchAction","target":{"@type":"EntryPoint","urlTemplate":"https:\/\/donatellaconsulting.fr\/?s={search_term_string}"},"query-input":{"@type":"PropertyValueSpecification","valueRequired":true,"valueName":"search_term_string"}}],"inLanguage":"fr-FR"}]}},"_links":{"self":[{"href":"https:\/\/donatellaconsulting.fr\/index.php\/wp-json\/wp\/v2\/pages\/211","targetHints":{"allow":["GET"]}}],"collection":[{"href":"https:\/\/donatellaconsulting.fr\/index.php\/wp-json\/wp\/v2\/pages"}],"about":[{"href":"https:\/\/donatellaconsulting.fr\/index.php\/wp-json\/wp\/v2\/types\/page"}],"author":[{"embeddable":true,"href":"https:\/\/donatellaconsulting.fr\/index.php\/wp-json\/wp\/v2\/users\/2"}],"replies":[{"embeddable":true,"href":"https:\/\/donatellaconsulting.fr\/index.php\/wp-json\/wp\/v2\/comments?post=211"}],"version-history":[{"count":5,"href":"https:\/\/donatellaconsulting.fr\/index.php\/wp-json\/wp\/v2\/pages\/211\/revisions"}],"predecessor-version":[{"id":330,"href":"https:\/\/donatellaconsulting.fr\/index.php\/wp-json\/wp\/v2\/pages\/211\/revisions\/330"}],"wp:attachment":[{"href":"https:\/\/donatellaconsulting.fr\/index.php\/wp-json\/wp\/v2\/media?parent=211"}],"curies":[{"name":"wp","href":"https:\/\/api.w.org\/{rel}","templated":true}]}}